{"id":13,"date":"2014-01-02T13:44:07","date_gmt":"2014-01-02T12:44:07","guid":{"rendered":"http:\/\/darius-dudek-trio.de\/main\/?page_id=13"},"modified":"2017-04-21T15:37:40","modified_gmt":"2017-04-21T14:37:40","slug":"impressum","status":"publish","type":"page","link":"https:\/\/darius-dudek-trio.de\/main\/impressum\/","title":{"rendered":"Impressum"},"content":{"rendered":"<h2>Verantwortlich f\u00fcr die Inhalte:<\/h2>\n<p><span style=\"font-family: Tahoma, sans-serif;\"><a href=\"mailto:darius@dudek-net.com\"><span style=\"font-family: Tahoma, sans-serif;\">Darius Dudek<\/span><\/a>\u00a0<\/span><br \/>\nAn der Pannh\u00fctte 15<br \/>\n46147 Oberhausen<br \/>\nTel.: 0208660725<br \/>\nE-Mail: mail@darius-dudek-trio.de<\/p>\n<h3><\/h3>\n<h2>Datenschutzerkl\u00e4rung<\/h2>\n<p>Die Nutzung unserer Seite ist ohne eine Angabe von personenbezogenen Daten m\u00f6glich. F\u00fcr die Nutzung einzelner Services unserer Seite k\u00f6nnen sich hierf\u00fcr abweichende Regelungen ergeben, die in diesem Falle nachstehend gesondert erl\u00e4utert werden. Ihre personenbezogenen Daten (z.B. Name, Anschrift, E-Mail, Telefonnummer, u.\u00e4.) werden von uns nur gem\u00e4\u00df den Bestimmungen des deutschen Datenschutzrechts verarbeitet. Daten sind dann personenbezogen, wenn sie eindeutig einer bestimmten nat\u00fcrlichen Person zugeordnet werden k\u00f6nnen. Die rechtlichen Grundlagen des Datenschutzes finden Sie im Bundesdatenschutzgesetz (BDSG) und dem Telemediengesetz (TMG). Nachstehende Regelungen informieren Sie insoweit \u00fcber die Art, den Umfang und Zweck der Erhebung, die Nutzung und die Verarbeitung von personenbezogenen Daten durch den Anbieter<\/p>\n<p><strong>Darius Dudek<br \/>\nAn der Pannh\u00fctte 15<br \/>\n46147 Oberhausen<br \/>\n<\/strong><\/p>\n<p><strong>Tel.: 0208660725<\/strong><\/p>\n<p><strong>mail@darius-dudek-trio.de<\/strong><\/p>\n<p>Wir weisen darauf hin, dass die internetbasierte Daten\u00fcbertragung Sicherheitsl\u00fccken aufweist, ein l\u00fcckenloser Schutz vor Zugriffen durch Dritte somit unm\u00f6glich ist.<\/p>\n<h4>Cookies<\/h4>\n<p>Wir verwenden auf unserer Seite sog. Cookies zum Wiedererkennen mehrfacher Nutzung unseres Angebots, durch denselben Nutzer\/Internetanschlussinhaber. Cookies sind kleine Textdateien, die Ihr Internet-Browser auf Ihrem Rechner ablegt und speichert. Sie dienen dazu, unseren Internetauftritt und unsere Angebote zu optimieren. Es handelt sich dabei zumeist um sog. &#8222;Session-Cookies&#8220;, die nach dem Ende Ihres Besuches wieder gel\u00f6scht werden.<br \/>\nTeilweise geben diese Cookies jedoch Informationen ab, um Sie automatisch wieder zu erkennen. Diese Wiedererkennung erfolgt aufgrund der in den Cookies gespeicherten IP-Adresse. Die so erlangten Informationen dienen dazu, unsere Angebote zu optimieren und Ihnen einen leichteren Zugang auf unsere Seite zu erm\u00f6glichen.<br \/>\nSie k\u00f6nnen die Installation der Cookies durch eine entsprechende Einstellung Ihres Browsers verhindern; wir weisen Sie jedoch darauf hin, dass Sie in diesem Fall gegebenenfalls nicht s\u00e4mtliche Funktionen unserer Website vollumf\u00e4nglich nutzen k\u00f6nnen.<\/p>\n<h4>Kontaktm\u00f6glichkeit<\/h4>\n<p>Wir bieten Ihnen auf unserer Seite die M\u00f6glichkeit, mit uns per E-Mail und\/oder \u00fcber ein Kontaktformular in Verbindung zu treten. In diesem Fall werden die vom Nutzer gemachten Angaben zum Zwecke der Bearbeitung seiner Kontaktaufnahme gespeichert. Eine Weitergabe an Dritte erfolgt nicht. Ein Abgleich der so erhobenen Daten mit Daten, die m\u00f6glicherweise durch andere Komponenten unserer Seite erhoben werden, erfolgt ebenfalls nicht.<\/p>\n<h4>Einsatz von Google-Analytics mit Anonymisierungsfunktion<\/h4>\n<p>Wir setzen auf unserer Seite Google-Analytics, einen Webanalysedienst der Firma Google Inc., 1600 Amphitheatre Parkway, Mountain View, CA 94043 USA, nachfolgend \u201eGoogle\u201c ein. Google-Analytics verwendet sog. \u201eCookies\u201c, Textdateien, die auf Ihrem Computer gespeichert werden und hierdurch eine Analyse der Benutzung der Website durch Sie erm\u00f6glichen.<br \/>\nDie durch diese Cookies erzeugten Informationen, beispielsweise Zeit, Ort und H\u00e4ufigkeit Ihres Webseiten-Besuchs einschlie\u00dflich Ihrer IP-Adresse, werden an Google in den USA \u00fcbertragen und dort gespeichert.<br \/>\nWir verwenden auf unserer Website Google-Analytics mit dem Zusatz &#8222;_gat._anonymizeIp&#8220;. Ihre IP-Adresse wird in diesem Fall von Google schon innerhalb von Mitgliedstaaten der Europ\u00e4ischen Union oder in anderen Vertragsstaaten des Abkommens \u00fcber den Europ\u00e4ischen Wirtschaftsraum gek\u00fcrzt und dadurch anonymisiert.<br \/>\nGoogle wird diese Informationen benutzen, um Ihre Nutzung unserer Seite auszuwerten, um Reports \u00fcber die Websiteaktivit\u00e4ten f\u00fcr uns zusammenzustellen und um weitere mit der Websitenutzung und der Internetnutzung verbundene Dienstleistungen zu erbringen. Auch wird Google diese Informationen gegebenenfalls an Dritte \u00fcbertragen, sofern dies gesetzlich vorgeschrieben oder soweit Dritte diese Daten im Auftrag von Google verarbeiten.<br \/>\nGoogle wird, nach eigenen Angaben, in keinem Fall Ihre IP-Adresse mit anderen Daten von Google in Verbindung bringen. Sie k\u00f6nnen die Installation der Cookies durch eine entsprechende Einstellung Ihrer Browser-Software verhindern; wir weisen Sie jedoch darauf hin, dass Sie in diesem Fall gegebenenfalls nicht s\u00e4mtliche Funktionen unserer Website vollumf\u00e4nglich nutzen k\u00f6nnen.<\/p>\n<p>Des Weiteren bietet Google f\u00fcr die g\u00e4ngigsten Browser ein Deaktivierungs-Add-on an, welches Ihnen mehr Kontrolle dar\u00fcber gibt, welche Daten von Google zu der von Ihnen aufgerufenen Websites erfasst werden. Das Add-on teilt dem JavaScript (ga.js) von Google Analytics mit, dass keine Informationen zum Website-Besuch an Google Analytics \u00fcbermittelt werden sollen. Das Deaktivierungs-Add-on f\u00fcr Browser von Google Analytics verhindert aber nicht, dass Informationen an uns oder an andere von uns gegebenenfalls eingesetzte Webanalyse-Services \u00fcbermittelt werden. Weitere Informationen zur Installation des Browser Add-on erhalten Sie \u00fcber nachfolgenden Link: <a href=\"https:\/\/tools.google.com\/dlpage\/gaoptout?hl=de\" target=\"_blank\" rel=\"nofollow\">https:\/\/tools.google.com\/dlpage\/gaoptout?hl=de<\/a><\/p>\n<h3>Auskunft\/Widerruf\/L\u00f6schung<\/h3>\n<p>Sie k\u00f6nnen sich aufgrund des Bundesdatenschutzgesetzes bei Fragen zur Erhebung, Verarbeitung oder Nutzung Ihrer personenbezogenen Daten und deren Berichtigung, Sperrung, L\u00f6schung oder einem Widerruf einer erteilten Einwilligung unentgeltlich an uns wenden. Wir weisen darauf hin, dass Ihnen ein Recht auf Berichtigung falscher Daten oder L\u00f6schung personenbezogener Daten zusteht, sollte diesem Anspruch keine gesetzliche Aufbewahrungspflicht entgegenstehen.<\/p>\n<p><a href=\"https:\/\/www.ratgeberrecht.eu\/leistungen\/muster-datenschutzerklaerung.html\" target=\"_blank\">Muster-Datenschutzerkl\u00e4rung<\/a> der <a href=\"https:\/\/www.ratgeberrecht.eu\/\" target=\"_blank\">Anwaltskanzlei Wei\u00df &amp; Partner<\/a><\/p>\n","protected":false},"excerpt":{"rendered":"<p>Verantwortlich f\u00fcr die Inhalte: Darius Dudek\u00a0 An der Pannh\u00fctte 15 46147 Oberhausen Tel.: 0208660725 E-Mail: mail@darius-dudek-trio.de Datenschutzerkl\u00e4rung Die Nutzung unserer Seite ist ohne eine Angabe von personenbezogenen Daten m\u00f6glich. F\u00fcr die Nutzung einzelner Services unserer Seite k\u00f6nnen sich hierf\u00fcr abweichende &hellip; <a href=\"https:\/\/darius-dudek-trio.de\/main\/impressum\/\">Weiterlesen <span class=\"meta-nav\">&rarr;<\/span><\/a><\/p>\n","protected":false},"author":1,"featured_media":0,"parent":0,"menu_order":7,"comment_status":"closed","ping_status":"closed","template":"","meta":{"footnotes":""},"class_list":["post-13","page","type-page","status-publish","hentry"],"_links":{"self":[{"href":"https:\/\/darius-dudek-trio.de\/main\/wp-json\/wp\/v2\/pages\/13","targetHints":{"allow":["GET"]}}],"collection":[{"href":"https:\/\/darius-dudek-trio.de\/main\/wp-json\/wp\/v2\/pages"}],"about":[{"href":"https:\/\/darius-dudek-trio.de\/main\/wp-json\/wp\/v2\/types\/page"}],"author":[{"embeddable":true,"href":"https:\/\/darius-dudek-trio.de\/main\/wp-json\/wp\/v2\/users\/1"}],"replies":[{"embeddable":true,"href":"https:\/\/darius-dudek-trio.de\/main\/wp-json\/wp\/v2\/comments?post=13"}],"version-history":[{"count":6,"href":"https:\/\/darius-dudek-trio.de\/main\/wp-json\/wp\/v2\/pages\/13\/revisions"}],"predecessor-version":[{"id":175,"href":"https:\/\/darius-dudek-trio.de\/main\/wp-json\/wp\/v2\/pages\/13\/revisions\/175"}],"wp:attachment":[{"href":"https:\/\/darius-dudek-trio.de\/main\/wp-json\/wp\/v2\/media?parent=13"}],"curies":[{"name":"wp","href":"https:\/\/api.w.org\/{rel}","templated":true}]}}